{"id":8,"date":"2021-04-25T16:49:19","date_gmt":"2021-04-25T16:49:19","guid":{"rendered":"https:\/\/verschaffel.de\/?page_id=8"},"modified":"2024-08-16T17:45:06","modified_gmt":"2024-08-16T17:45:06","slug":"one-page-express-pro","status":"publish","type":"page","link":"https:\/\/verschaffel.de\/","title":{"rendered":"Leistungen"},"content":{"rendered":"<p style=\"line-height: 2.05;\"><strong>Leistungen<\/strong><\/p>\n<p style=\"line-height: 1.57;\">\u00dcbersetzungen \u2013 folgende Sprachrichtungen <br>\nDeutsch &#8211; Englisch <br>\nDeutsch &#8211; Franz\u00f6sisch <br>\nEnglisch &#8211; Deutsch <br>\nFranz\u00f6sisch &#8211; Deutsch <br>\nNiederl\u00e4ndisch &#8211; Deutsch\n<\/p>\n<p style=\"line-height: 2.4;\"><strong>Fachgebiete<\/strong><\/p>\n<p style=\"line-height: 1.5;\">\u2022 Juristische Texte (Vertr\u00e4ge, Urkunden, Gerichtsurteile etc.)<br>\n\u2022 Technische Texte (Handb\u00fccher, Betriebsanleitungen, Kataloge etc.)<br>\n\u2022 Medizinische Texte (E\/D, D\/E: speziell im Bereich Orthop\u00e4die, \u00a0\u00a0allgem. Chirurgie etc.)<br>\n\u2022 Allgemeinsprachliche Texte: Korrespondenz, Zeugnisse etc.<br>\n\u2022 auch mit Beglaubigung\t\t\n\t\t\t\t\t\t\t\t\t\t\t\t\t\t\t<img width=\"300\" height=\"349\" src=\"https:\/\/verschaffel.de\/wp-content\/uploads\/2021\/04\/polaroid_woerter_web.png\" alt=\"\" loading=\"lazy\" srcset=\"https:\/\/verschaffel.de\/wp-content\/uploads\/2021\/04\/polaroid_woerter_web.png 300w, https:\/\/verschaffel.de\/wp-content\/uploads\/2021\/04\/polaroid_woerter_web-258x300.png 258w\" sizes=\"(max-width: 300px) 100vw, 300px\" \/>\t\t\t\t\t\t\t\t\t\t\t\t\t\t\t\n\t\t<p style=\"line-height: 1.42;\"><strong>Leistungen<\/strong><br \/><br \/><br \/>\u00dcbersetzungen \u2013 folgende <br \/>Sprachrichtungen<br \/><br \/>Deutsch &#8211; Englisch<br \/><br \/>Deutsch &#8211; Franz\u00f6sisch<br \/><br \/>Englisch &#8211; Deutsch<br \/><br \/>Franz\u00f6sisch &#8211; Deutsch<br \/><br \/>Niederl\u00e4ndisch &#8211; Deutsch<br \/><br \/><strong style=\"font-size: 18px; color: var( --e-global-color-text ); font-family: var( --e-global-typography-text-font-family ), Sans-serif;\">Fachgebiete<\/strong><\/p><ul style=\"padding-left: 15px; line-height: 1.42;\"><li>Juristische Texte (Vertr\u00e4ge, Urkunden, Gerichtsurteile etc.)<\/li><li>Technische Texte (Handb\u00fccher, Betriebsanleitungen, Kataloge etc.)<\/li><li>Medizinische Texte (E\/D, D\/E: speziell im Bereich Orthop\u00e4die, allgem. Chirurgie etc.)<\/li><li>Allgemeinsprachliche Texte: Korrespondenz, Zeugnisse etc.<\/li><li>auch mit Beglaubigung<\/li><\/ul><p>\u00a0<\/p>\t\t\n\t\t\t\t\t\t\t\t\t\t\t\t\t\t\t<img width=\"300\" height=\"349\" src=\"https:\/\/verschaffel.de\/wp-content\/uploads\/2021\/04\/polaroid_woerter_web-1.png\" alt=\"\" loading=\"lazy\" srcset=\"https:\/\/verschaffel.de\/wp-content\/uploads\/2021\/04\/polaroid_woerter_web-1.png 300w, https:\/\/verschaffel.de\/wp-content\/uploads\/2021\/04\/polaroid_woerter_web-1-258x300.png 258w\" sizes=\"(max-width: 300px) 100vw, 300px\" \/>","protected":false},"excerpt":{"rendered":"<p>Leistungen \u00dcbersetzungen \u2013 folgende Sprachrichtungen Deutsch &#8211; Englisch Deutsch &#8211; Franz\u00f6sisch Englisch &#8211; Deutsch Franz\u00f6sisch &#8211; Deutsch Niederl\u00e4ndisch &#8211; Deutsch Fachgebiete \u2022 Juristische Texte (Vertr\u00e4ge, Urkunden, Gerichtsurteile etc.) \u2022 Technische Texte (Handb\u00fccher, Betriebsanleitungen, Kataloge etc.) \u2022 Medizinische Texte (E\/D, D\/E: speziell im Bereich Orthop\u00e4die, \u00a0\u00a0allgem. Chirurgie etc.) \u2022 Allgemeinsprachliche Texte: Korrespondenz, Zeugnisse etc. \u2022 auch&hellip; <br \/> <a class=\"button small blue\" href=\"https:\/\/verschaffel.de\/?p=1\">Weiterlesen<\/a><\/p>\n","protected":false},"author":1,"featured_media":0,"parent":0,"menu_order":0,"comment_status":"closed","ping_status":"closed","template":"","meta":[],"_links":{"self":[{"href":"https:\/\/verschaffel.de\/index.php?rest_route=\/wp\/v2\/pages\/8"}],"collection":[{"href":"https:\/\/verschaffel.de\/index.php?rest_route=\/wp\/v2\/pages"}],"about":[{"href":"https:\/\/verschaffel.de\/index.php?rest_route=\/wp\/v2\/types\/page"}],"author":[{"embeddable":true,"href":"https:\/\/verschaffel.de\/index.php?rest_route=\/wp\/v2\/users\/1"}],"replies":[{"embeddable":true,"href":"https:\/\/verschaffel.de\/index.php?rest_route=%2Fwp%2Fv2%2Fcomments&post=8"}],"version-history":[{"count":139,"href":"https:\/\/verschaffel.de\/index.php?rest_route=\/wp\/v2\/pages\/8\/revisions"}],"predecessor-version":[{"id":942,"href":"https:\/\/verschaffel.de\/index.php?rest_route=\/wp\/v2\/pages\/8\/revisions\/942"}],"wp:attachment":[{"href":"https:\/\/verschaffel.de\/index.php?rest_route=%2Fwp%2Fv2%2Fmedia&parent=8"}],"curies":[{"name":"wp","href":"https:\/\/api.w.org\/{rel}","templated":true}]}}