{"id":211,"date":"2021-04-25T19:25:50","date_gmt":"2021-04-25T19:25:50","guid":{"rendered":"https:\/\/verschaffel.de\/?page_id=211"},"modified":"2021-04-28T10:03:44","modified_gmt":"2021-04-28T10:03:44","slug":"profil-2","status":"publish","type":"page","link":"https:\/\/verschaffel.de\/?page_id=211&lang=fr","title":{"rendered":"Profil"},"content":{"rendered":"<p style=\"line-height: 1.55;\"><strong>Profil<\/strong><\/br><\/br>\n\u2022 Titulaire d&#8217;un dipl\u00f4me de traductrice de l&#8217;universit\u00e9 de Heidelberg<\/br>\n\u2022 Je travaille freelance depuis des ann\u00e9es<\/br>\n\u2022 Traductrice asserment\u00e9e aupr\u00e8s du tribunal de grande instance &nbsp;&nbsp;(Oberlandesgericht) de Hamm<\/br>\n\u2022 Traductions certifi\u00e9es conformes<\/br>\n\u2022 Membre de l&#8217;association f\u00e9d\u00e9rale allemande des traducteurs et &nbsp;&nbsp;interpr\u00e8tes (BD\u00dc)\u00a0<a href=\"http:\/\/www.bdue.de\/\">www.BDUe.de<\/a><a href=\"http:\/\/www.bdue.de\/\">\n<\/a><\/br><\/br>\nJe travaille pour des entreprises r\u00e9put\u00e9es, plusieurs agences de traduction et des clients priv\u00e9s.\t\t\n\t\t\t\t\t\t\t\t\t\t\t\t\t\t\t<img width=\"300\" height=\"349\" src=\"https:\/\/verschaffel.de\/wp-content\/uploads\/2021\/04\/polaroids_birgid.png\" alt=\"\" loading=\"lazy\" srcset=\"https:\/\/verschaffel.de\/wp-content\/uploads\/2021\/04\/polaroids_birgid.png 300w, https:\/\/verschaffel.de\/wp-content\/uploads\/2021\/04\/polaroids_birgid-258x300.png 258w\" sizes=\"(max-width: 300px) 100vw, 300px\" \/>\t\t\t\t\t\t\t\t\t\t\t\t\t\t\t\n\t\t<p style=\"line-height: 1.44;\"><strong>Profil<\/strong><\/p>\n<ul style=\"padding-left: 15px; line-height: 1.4;\">\n \t<li>Titulaire d&#8217;un dipl\u00f4me de traductrice de l&#8217;universit\u00e9 de Heidelberg\n<li>Je travaille freelance depuis des ann\u00e9es\n<li>Traductrice asserment\u00e9e aupr\u00e8s du tribunal de grande instance (Oberlandesgericht) de Hamm\n<li>Traductions certifi\u00e9es conformes\n<li>Membre de l&#8217;association f\u00e9d\u00e9rale allemande des traducteurs et interpr\u00e8tes (BD\u00dc)\u00a0<a href=\"http:\/\/www.bdue.de\/\">www.BDUe.de<\/a><a href=\"http:\/\/www.bdue.de\/\">\n<\/a><\/ul>\n<p style=\"line-height: 1.44;\">\n<p style=\"line-height: 1.44;\">\nJe travaille pour des entreprises r\u00e9put\u00e9es, plusieurs agences de traduction et des clients priv\u00e9s.<\/li>\n\t\t\t\t\t\t\t\t\t\t\t\t\t\t\t<img width=\"300\" height=\"349\" src=\"https:\/\/verschaffel.de\/wp-content\/uploads\/2021\/04\/polaroids_birgid-1.png\" alt=\"\" loading=\"lazy\" srcset=\"https:\/\/verschaffel.de\/wp-content\/uploads\/2021\/04\/polaroids_birgid-1.png 300w, https:\/\/verschaffel.de\/wp-content\/uploads\/2021\/04\/polaroids_birgid-1-258x300.png 258w\" sizes=\"(max-width: 300px) 100vw, 300px\" \/>","protected":false},"excerpt":{"rendered":"<p>Profil \u2022 Titulaire d&#8217;un dipl\u00f4me de traductrice de l&#8217;universit\u00e9 de Heidelberg \u2022 Je travaille freelance depuis des ann\u00e9es \u2022 Traductrice asserment\u00e9e aupr\u00e8s du tribunal de grande instance &nbsp;&nbsp;(Oberlandesgericht) de Hamm \u2022 Traductions certifi\u00e9es conformes \u2022 Membre de l&#8217;association f\u00e9d\u00e9rale allemande des traducteurs et &nbsp;&nbsp;interpr\u00e8tes (BD\u00dc)\u00a0www.BDUe.de Je travaille pour des entreprises r\u00e9put\u00e9es, plusieurs agences de traduction&hellip; <br \/> <a class=\"button small blue\" href=\"https:\/\/verschaffel.de\/?p=1\">Weiterlesen<\/a><\/p>\n","protected":false},"author":1,"featured_media":0,"parent":0,"menu_order":0,"comment_status":"closed","ping_status":"closed","template":"full-width-page.php","meta":[],"_links":{"self":[{"href":"https:\/\/verschaffel.de\/index.php?rest_route=\/wp\/v2\/pages\/211"}],"collection":[{"href":"https:\/\/verschaffel.de\/index.php?rest_route=\/wp\/v2\/pages"}],"about":[{"href":"https:\/\/verschaffel.de\/index.php?rest_route=\/wp\/v2\/types\/page"}],"author":[{"embeddable":true,"href":"https:\/\/verschaffel.de\/index.php?rest_route=\/wp\/v2\/users\/1"}],"replies":[{"embeddable":true,"href":"https:\/\/verschaffel.de\/index.php?rest_route=%2Fwp%2Fv2%2Fcomments&post=211"}],"version-history":[{"count":36,"href":"https:\/\/verschaffel.de\/index.php?rest_route=\/wp\/v2\/pages\/211\/revisions"}],"predecessor-version":[{"id":820,"href":"https:\/\/verschaffel.de\/index.php?rest_route=\/wp\/v2\/pages\/211\/revisions\/820"}],"wp:attachment":[{"href":"https:\/\/verschaffel.de\/index.php?rest_route=%2Fwp%2Fv2%2Fmedia&parent=211"}],"curies":[{"name":"wp","href":"https:\/\/api.w.org\/{rel}","templated":true}]}}